{"id":38458,"date":"2026-01-08T13:32:13","date_gmt":"2026-01-08T11:32:13","guid":{"rendered":"https:\/\/cipsor.wdt.design\/datenschutzbestimmungen\/"},"modified":"2026-01-17T13:35:55","modified_gmt":"2026-01-17T11:35:55","slug":"datenschutzbestimmungen","status":"publish","type":"page","link":"https:\/\/cipsor.wdt.design\/de\/datenschutzbestimmungen\/","title":{"rendered":"Datenschutzbestimmungen"},"content":{"rendered":"\t\t<div data-elementor-type=\"wp-page\" data-elementor-id=\"38458\" class=\"elementor elementor-38458 elementor-37987\">\n\t\t\t\t\t\t<section class=\"elementor-section elementor-top-section elementor-element elementor-element-2b1184b0 elementor-section-boxed elementor-section-height-default elementor-section-height-default sc_fly_static\" data-id=\"2b1184b0\" data-element_type=\"section\" data-settings=\"{&quot;background_background&quot;:&quot;classic&quot;}\">\n\t\t\t\t\t\t<div class=\"elementor-container elementor-column-gap-extended\">\n\t\t\t\t\t<div class=\"elementor-column elementor-col-100 elementor-top-column elementor-element elementor-element-153e1c19 sc_content_align_inherit sc_layouts_column_icons_position_left sc_fly_static\" data-id=\"153e1c19\" data-element_type=\"column\">\n\t\t\t<div class=\"elementor-widget-wrap elementor-element-populated\">\n\t\t\t\t\t\t<div class=\"elementor-element elementor-element-54db29de sc_fly_static elementor-widget elementor-widget-text-editor\" data-id=\"54db29de\" data-element_type=\"widget\" data-widget_type=\"text-editor.default\">\n\t\t\t\t<div class=\"elementor-widget-container\">\n\t\t\t\t\t\t\t\t\t<h5>1. Allgemeine Informationen<\/h5>\nDiese Datenschutzerkl\u00e4rung beschreibt, wie CIPSOR CONSTRUCT SRL mit Sitz in Gala\u021bi, Str. Unirii Nr. 69, eingetragen im Handelsregister unter der Nr. ROONRC.J2004000629175, mit der Steuernummer 16382438 (\u201eder Betreiber\u201c), personenbezogene Daten verarbeitet, die \u00fcber die Website www.cipsor.ro erfasst werden.\n\nDer Betreiber h\u00e4lt sich an die Bestimmungen der Verordnung (EU) 2016\/679 zum Schutz personenbezogener Daten (DSGVO) und an die geltenden nationalen Gesetze.\t\t\t\t\t\t\t\t<\/div>\n\t\t\t\t<\/div>\n\t\t\t\t\t<\/div>\n\t\t<\/div>\n\t\t\t\t\t<\/div>\n\t\t<\/section>\n\t\t\t\t<section class=\"elementor-section elementor-top-section elementor-element elementor-element-7ef86bc8 elementor-section-boxed elementor-section-height-default elementor-section-height-default sc_fly_static\" data-id=\"7ef86bc8\" data-element_type=\"section\">\n\t\t\t\t\t\t<div class=\"elementor-container elementor-column-gap-extended\">\n\t\t\t\t\t<div class=\"elementor-column elementor-col-100 elementor-top-column elementor-element elementor-element-19372eea sc_content_align_inherit sc_layouts_column_icons_position_left sc_fly_static\" data-id=\"19372eea\" data-element_type=\"column\">\n\t\t\t<div class=\"elementor-widget-wrap elementor-element-populated\">\n\t\t\t\t\t\t<div class=\"elementor-element elementor-element-690b98ed sc_fly_static elementor-widget elementor-widget-spacer\" data-id=\"690b98ed\" data-element_type=\"widget\" data-widget_type=\"spacer.default\">\n\t\t\t\t<div class=\"elementor-widget-container\">\n\t\t\t\t\t\t\t<div class=\"elementor-spacer\">\n\t\t\t<div class=\"elementor-spacer-inner\"><\/div>\n\t\t<\/div>\n\t\t\t\t\t\t<\/div>\n\t\t\t\t<\/div>\n\t\t\t\t\t<\/div>\n\t\t<\/div>\n\t\t\t\t\t<\/div>\n\t\t<\/section>\n\t\t\t\t<section class=\"elementor-section elementor-top-section elementor-element elementor-element-a2ec18c elementor-section-boxed elementor-section-height-default elementor-section-height-default sc_fly_static\" data-id=\"a2ec18c\" data-element_type=\"section\" data-settings=\"{&quot;background_background&quot;:&quot;classic&quot;}\">\n\t\t\t\t\t\t<div class=\"elementor-container elementor-column-gap-extended\">\n\t\t\t\t\t<div class=\"elementor-column elementor-col-100 elementor-top-column elementor-element elementor-element-e4f67bc sc_content_align_inherit sc_layouts_column_icons_position_left sc_fly_static\" data-id=\"e4f67bc\" data-element_type=\"column\">\n\t\t\t<div class=\"elementor-widget-wrap elementor-element-populated\">\n\t\t\t\t\t\t<div class=\"elementor-element elementor-element-fc87c00 sc_fly_static elementor-widget elementor-widget-text-editor\" data-id=\"fc87c00\" data-element_type=\"widget\" data-widget_type=\"text-editor.default\">\n\t\t\t\t<div class=\"elementor-widget-container\">\n\t\t\t\t\t\t\t\t\t<h5>2. Kategorien der erfassten Daten<\/h5><p>Die erfassten personenbezogenen Daten k\u00f6nnen Folgendes umfassen:<\/p><ul><li>Identifikationsdaten: Name, Vorname;<\/li><li>Kontaktdaten: E-Mail-Adresse, Telefonnummer;<\/li><li>Technische Daten: IP-Adresse, Browsertyp, besuchte Seiten;<\/li><li>Andere Informationen, die freiwillig \u00fcber die auf der Website verf\u00fcgbaren Formulare \u00fcbermittelt werden.<\/li><\/ul>\t\t\t\t\t\t\t\t<\/div>\n\t\t\t\t<\/div>\n\t\t\t\t\t<\/div>\n\t\t<\/div>\n\t\t\t\t\t<\/div>\n\t\t<\/section>\n\t\t\t\t<section class=\"elementor-section elementor-top-section elementor-element elementor-element-1ce0fbce elementor-section-boxed elementor-section-height-default elementor-section-height-default sc_fly_static\" data-id=\"1ce0fbce\" data-element_type=\"section\">\n\t\t\t\t\t\t<div class=\"elementor-container elementor-column-gap-extended\">\n\t\t\t\t\t<div class=\"elementor-column elementor-col-100 elementor-top-column elementor-element elementor-element-71737124 sc_content_align_inherit sc_layouts_column_icons_position_left sc_fly_static\" data-id=\"71737124\" data-element_type=\"column\">\n\t\t\t<div class=\"elementor-widget-wrap elementor-element-populated\">\n\t\t\t\t\t\t<div class=\"elementor-element elementor-element-653057c1 sc_fly_static elementor-widget elementor-widget-spacer\" data-id=\"653057c1\" data-element_type=\"widget\" data-widget_type=\"spacer.default\">\n\t\t\t\t<div class=\"elementor-widget-container\">\n\t\t\t\t\t\t\t<div class=\"elementor-spacer\">\n\t\t\t<div class=\"elementor-spacer-inner\"><\/div>\n\t\t<\/div>\n\t\t\t\t\t\t<\/div>\n\t\t\t\t<\/div>\n\t\t\t\t\t<\/div>\n\t\t<\/div>\n\t\t\t\t\t<\/div>\n\t\t<\/section>\n\t\t\t\t<section class=\"elementor-section elementor-top-section elementor-element elementor-element-7321157f elementor-section-boxed elementor-section-height-default elementor-section-height-default sc_fly_static\" data-id=\"7321157f\" data-element_type=\"section\" data-settings=\"{&quot;background_background&quot;:&quot;classic&quot;}\">\n\t\t\t\t\t\t<div class=\"elementor-container elementor-column-gap-extended\">\n\t\t\t\t\t<div class=\"elementor-column elementor-col-100 elementor-top-column elementor-element elementor-element-770fd656 sc_content_align_inherit sc_layouts_column_icons_position_left sc_fly_static\" data-id=\"770fd656\" data-element_type=\"column\">\n\t\t\t<div class=\"elementor-widget-wrap elementor-element-populated\">\n\t\t\t\t\t\t<div class=\"elementor-element elementor-element-20d12e1e sc_fly_static elementor-widget elementor-widget-text-editor\" data-id=\"20d12e1e\" data-element_type=\"widget\" data-widget_type=\"text-editor.default\">\n\t\t\t\t<div class=\"elementor-widget-container\">\n\t\t\t\t\t\t\t\t\t<h5>3. Zwecke der Verarbeitung<\/h5><p>Die Daten werden f\u00fcr folgende Zwecke erfasst und verarbeitet:<\/p><ul><li>Kommunikation mit Nutzern, die die Kontaktformulare ausf\u00fcllen;<\/li><li>Bearbeitung von Anfragen und Bereitstellung von Antworten;<\/li><li>Verbesserung der Funktionalit\u00e4t der Website und Analyse des Online-Verkehrs;<\/li><li>Einhaltung der gesetzlichen Verpflichtungen.<\/li><\/ul>\t\t\t\t\t\t\t\t<\/div>\n\t\t\t\t<\/div>\n\t\t\t\t\t<\/div>\n\t\t<\/div>\n\t\t\t\t\t<\/div>\n\t\t<\/section>\n\t\t\t\t<section class=\"elementor-section elementor-top-section elementor-element elementor-element-6d09f250 elementor-section-boxed elementor-section-height-default elementor-section-height-default sc_fly_static\" data-id=\"6d09f250\" data-element_type=\"section\">\n\t\t\t\t\t\t<div class=\"elementor-container elementor-column-gap-extended\">\n\t\t\t\t\t<div class=\"elementor-column elementor-col-100 elementor-top-column elementor-element elementor-element-936cd29 sc_content_align_inherit sc_layouts_column_icons_position_left sc_fly_static\" data-id=\"936cd29\" data-element_type=\"column\">\n\t\t\t<div class=\"elementor-widget-wrap elementor-element-populated\">\n\t\t\t\t\t\t<div class=\"elementor-element elementor-element-1a296be8 sc_fly_static elementor-widget elementor-widget-spacer\" data-id=\"1a296be8\" data-element_type=\"widget\" data-widget_type=\"spacer.default\">\n\t\t\t\t<div class=\"elementor-widget-container\">\n\t\t\t\t\t\t\t<div class=\"elementor-spacer\">\n\t\t\t<div class=\"elementor-spacer-inner\"><\/div>\n\t\t<\/div>\n\t\t\t\t\t\t<\/div>\n\t\t\t\t<\/div>\n\t\t\t\t\t<\/div>\n\t\t<\/div>\n\t\t\t\t\t<\/div>\n\t\t<\/section>\n\t\t\t\t<section class=\"elementor-section elementor-top-section elementor-element elementor-element-75f77bac elementor-section-boxed elementor-section-height-default elementor-section-height-default sc_fly_static\" data-id=\"75f77bac\" data-element_type=\"section\" data-settings=\"{&quot;background_background&quot;:&quot;classic&quot;}\">\n\t\t\t\t\t\t<div class=\"elementor-container elementor-column-gap-extended\">\n\t\t\t\t\t<div class=\"elementor-column elementor-col-100 elementor-top-column elementor-element elementor-element-6df00861 sc_content_align_inherit sc_layouts_column_icons_position_left sc_fly_static\" data-id=\"6df00861\" data-element_type=\"column\">\n\t\t\t<div class=\"elementor-widget-wrap elementor-element-populated\">\n\t\t\t\t\t\t<div class=\"elementor-element elementor-element-682fffa sc_fly_static elementor-widget elementor-widget-text-editor\" data-id=\"682fffa\" data-element_type=\"widget\" data-widget_type=\"text-editor.default\">\n\t\t\t\t<div class=\"elementor-widget-container\">\n\t\t\t\t\t\t\t\t\t<h5>4. Rechtsgrundlage<\/h5><p>Die Datenverarbeitung basiert auf:<\/p><ul><li>der Einwilligung der Nutzer (bei freiwilliger Daten\u00fcbermittlung);<\/li><li>den gesetzlichen Verpflichtungen des Betreibers;<\/li><li>dem berechtigten Interesse des Betreibers (Sicherheit der Website, Betrugspr\u00e4vention, Verbesserung der Dienstleistungen).<\/li><\/ul>\t\t\t\t\t\t\t\t<\/div>\n\t\t\t\t<\/div>\n\t\t\t\t\t<\/div>\n\t\t<\/div>\n\t\t\t\t\t<\/div>\n\t\t<\/section>\n\t\t\t\t<section class=\"elementor-section elementor-top-section elementor-element elementor-element-594f5e15 elementor-section-boxed elementor-section-height-default elementor-section-height-default sc_fly_static\" data-id=\"594f5e15\" data-element_type=\"section\">\n\t\t\t\t\t\t<div class=\"elementor-container elementor-column-gap-extended\">\n\t\t\t\t\t<div class=\"elementor-column elementor-col-100 elementor-top-column elementor-element elementor-element-5d4b9154 sc_content_align_inherit sc_layouts_column_icons_position_left sc_fly_static\" data-id=\"5d4b9154\" data-element_type=\"column\">\n\t\t\t<div class=\"elementor-widget-wrap elementor-element-populated\">\n\t\t\t\t\t\t<div class=\"elementor-element elementor-element-79ec6774 sc_fly_static elementor-widget elementor-widget-spacer\" data-id=\"79ec6774\" data-element_type=\"widget\" data-widget_type=\"spacer.default\">\n\t\t\t\t<div class=\"elementor-widget-container\">\n\t\t\t\t\t\t\t<div class=\"elementor-spacer\">\n\t\t\t<div class=\"elementor-spacer-inner\"><\/div>\n\t\t<\/div>\n\t\t\t\t\t\t<\/div>\n\t\t\t\t<\/div>\n\t\t\t\t\t<\/div>\n\t\t<\/div>\n\t\t\t\t\t<\/div>\n\t\t<\/section>\n\t\t\t\t<section class=\"elementor-section elementor-top-section elementor-element elementor-element-2d8dc980 elementor-section-boxed elementor-section-height-default elementor-section-height-default sc_fly_static\" data-id=\"2d8dc980\" data-element_type=\"section\" data-settings=\"{&quot;background_background&quot;:&quot;classic&quot;}\">\n\t\t\t\t\t\t<div class=\"elementor-container elementor-column-gap-extended\">\n\t\t\t\t\t<div class=\"elementor-column elementor-col-100 elementor-top-column elementor-element elementor-element-46b827c5 sc_content_align_inherit sc_layouts_column_icons_position_left sc_fly_static\" data-id=\"46b827c5\" data-element_type=\"column\">\n\t\t\t<div class=\"elementor-widget-wrap elementor-element-populated\">\n\t\t\t\t\t\t<div class=\"elementor-element elementor-element-1a92204b sc_fly_static elementor-widget elementor-widget-text-editor\" data-id=\"1a92204b\" data-element_type=\"widget\" data-widget_type=\"text-editor.default\">\n\t\t\t\t<div class=\"elementor-widget-container\">\n\t\t\t\t\t\t\t\t\t<h5>5. Speicherung der Daten<\/h5><p>Personenbezogene Daten werden f\u00fcr den Zeitraum gespeichert, der zur Erf\u00fcllung der Zwecke, f\u00fcr die sie erhoben wurden, erforderlich ist, unter Einhaltung der geltenden gesetzlichen Fristen. Nach Ablauf dieser Fristen werden die Daten gel\u00f6scht oder anonymisiert.<\/p>\t\t\t\t\t\t\t\t<\/div>\n\t\t\t\t<\/div>\n\t\t\t\t\t<\/div>\n\t\t<\/div>\n\t\t\t\t\t<\/div>\n\t\t<\/section>\n\t\t\t\t<section class=\"elementor-section elementor-top-section elementor-element elementor-element-2cc963ae elementor-section-boxed elementor-section-height-default elementor-section-height-default sc_fly_static\" data-id=\"2cc963ae\" data-element_type=\"section\">\n\t\t\t\t\t\t<div class=\"elementor-container elementor-column-gap-extended\">\n\t\t\t\t\t<div class=\"elementor-column elementor-col-100 elementor-top-column elementor-element elementor-element-24539791 sc_content_align_inherit sc_layouts_column_icons_position_left sc_fly_static\" data-id=\"24539791\" data-element_type=\"column\">\n\t\t\t<div class=\"elementor-widget-wrap elementor-element-populated\">\n\t\t\t\t\t\t<div class=\"elementor-element elementor-element-6544df0e sc_fly_static elementor-widget elementor-widget-spacer\" data-id=\"6544df0e\" data-element_type=\"widget\" data-widget_type=\"spacer.default\">\n\t\t\t\t<div class=\"elementor-widget-container\">\n\t\t\t\t\t\t\t<div class=\"elementor-spacer\">\n\t\t\t<div class=\"elementor-spacer-inner\"><\/div>\n\t\t<\/div>\n\t\t\t\t\t\t<\/div>\n\t\t\t\t<\/div>\n\t\t\t\t\t<\/div>\n\t\t<\/div>\n\t\t\t\t\t<\/div>\n\t\t<\/section>\n\t\t\t\t<section class=\"elementor-section elementor-top-section elementor-element elementor-element-388b06b8 elementor-section-boxed elementor-section-height-default elementor-section-height-default sc_fly_static\" data-id=\"388b06b8\" data-element_type=\"section\" data-settings=\"{&quot;background_background&quot;:&quot;classic&quot;}\">\n\t\t\t\t\t\t<div class=\"elementor-container elementor-column-gap-extended\">\n\t\t\t\t\t<div class=\"elementor-column elementor-col-100 elementor-top-column elementor-element elementor-element-22155c42 sc_content_align_inherit sc_layouts_column_icons_position_left sc_fly_static\" data-id=\"22155c42\" data-element_type=\"column\">\n\t\t\t<div class=\"elementor-widget-wrap elementor-element-populated\">\n\t\t\t\t\t\t<div class=\"elementor-element elementor-element-39b4391d sc_fly_static elementor-widget elementor-widget-text-editor\" data-id=\"39b4391d\" data-element_type=\"widget\" data-widget_type=\"text-editor.default\">\n\t\t\t\t<div class=\"elementor-widget-container\">\n\t\t\t\t\t\t\t\t\t<h5>6. Weitergabe der Daten<\/h5><p>Die Daten werden nicht an Dritte weitergegeben, es sei denn, dies ist gesetzlich vorgeschrieben oder f\u00fcr die Erbringung der Dienstleistungen erforderlich (z. B. IT-Dienstleister). Der Betreiber \u00fcbermittelt keine Daten au\u00dferhalb des Europ\u00e4ischen Wirtschaftsraums.<\/p>\t\t\t\t\t\t\t\t<\/div>\n\t\t\t\t<\/div>\n\t\t\t\t\t<\/div>\n\t\t<\/div>\n\t\t\t\t\t<\/div>\n\t\t<\/section>\n\t\t\t\t<section class=\"elementor-section elementor-top-section elementor-element elementor-element-58aae568 elementor-section-boxed elementor-section-height-default elementor-section-height-default sc_fly_static\" data-id=\"58aae568\" data-element_type=\"section\">\n\t\t\t\t\t\t<div class=\"elementor-container elementor-column-gap-extended\">\n\t\t\t\t\t<div class=\"elementor-column elementor-col-100 elementor-top-column elementor-element elementor-element-67da3741 sc_content_align_inherit sc_layouts_column_icons_position_left sc_fly_static\" data-id=\"67da3741\" data-element_type=\"column\">\n\t\t\t<div class=\"elementor-widget-wrap elementor-element-populated\">\n\t\t\t\t\t\t<div class=\"elementor-element elementor-element-12f7b1c2 sc_fly_static elementor-widget elementor-widget-spacer\" data-id=\"12f7b1c2\" data-element_type=\"widget\" data-widget_type=\"spacer.default\">\n\t\t\t\t<div class=\"elementor-widget-container\">\n\t\t\t\t\t\t\t<div class=\"elementor-spacer\">\n\t\t\t<div class=\"elementor-spacer-inner\"><\/div>\n\t\t<\/div>\n\t\t\t\t\t\t<\/div>\n\t\t\t\t<\/div>\n\t\t\t\t\t<\/div>\n\t\t<\/div>\n\t\t\t\t\t<\/div>\n\t\t<\/section>\n\t\t\t\t<section class=\"elementor-section elementor-top-section elementor-element elementor-element-4632e2f3 elementor-section-boxed elementor-section-height-default elementor-section-height-default sc_fly_static\" data-id=\"4632e2f3\" data-element_type=\"section\" data-settings=\"{&quot;background_background&quot;:&quot;classic&quot;}\">\n\t\t\t\t\t\t<div class=\"elementor-container elementor-column-gap-extended\">\n\t\t\t\t\t<div class=\"elementor-column elementor-col-100 elementor-top-column elementor-element elementor-element-ae455b5 sc_content_align_inherit sc_layouts_column_icons_position_left sc_fly_static\" data-id=\"ae455b5\" data-element_type=\"column\">\n\t\t\t<div class=\"elementor-widget-wrap elementor-element-populated\">\n\t\t\t\t\t\t<div class=\"elementor-element elementor-element-5443ecc5 sc_fly_static elementor-widget elementor-widget-text-editor\" data-id=\"5443ecc5\" data-element_type=\"widget\" data-widget_type=\"text-editor.default\">\n\t\t\t\t<div class=\"elementor-widget-container\">\n\t\t\t\t\t\t\t\t\t<h5>7. Rechte der betroffenen Personen<\/h5><p>Die Nutzer haben folgende Rechte gem\u00e4\u00df der DSGVO:<\/p><ul><li>Recht auf Auskunft \u00fcber die Daten;<\/li><li>Recht auf Berichtigung;<\/li><li>Recht auf L\u00f6schung (\u201eRecht auf Vergessenwerden\u201c);<\/li><li>Recht auf Einschr\u00e4nkung der Verarbeitung;<\/li><li>Recht auf Daten\u00fcbertragbarkeit;<\/li><li>Recht auf Widerspruch;<\/li><li>Recht auf Beschwerde bei der Nationalen Aufsichtsbeh\u00f6rde f\u00fcr die Verarbeitung personenbezogener Daten (ANSPDCP).<\/li><\/ul>\t\t\t\t\t\t\t\t<\/div>\n\t\t\t\t<\/div>\n\t\t\t\t\t<\/div>\n\t\t<\/div>\n\t\t\t\t\t<\/div>\n\t\t<\/section>\n\t\t\t\t<section class=\"elementor-section elementor-top-section elementor-element elementor-element-7da90f27 elementor-section-boxed elementor-section-height-default elementor-section-height-default sc_fly_static\" data-id=\"7da90f27\" data-element_type=\"section\">\n\t\t\t\t\t\t<div class=\"elementor-container elementor-column-gap-extended\">\n\t\t\t\t\t<div class=\"elementor-column elementor-col-100 elementor-top-column elementor-element elementor-element-7232805a sc_content_align_inherit sc_layouts_column_icons_position_left sc_fly_static\" data-id=\"7232805a\" data-element_type=\"column\">\n\t\t\t<div class=\"elementor-widget-wrap elementor-element-populated\">\n\t\t\t\t\t\t<div class=\"elementor-element elementor-element-42b5c1dd sc_fly_static elementor-widget elementor-widget-spacer\" data-id=\"42b5c1dd\" data-element_type=\"widget\" data-widget_type=\"spacer.default\">\n\t\t\t\t<div class=\"elementor-widget-container\">\n\t\t\t\t\t\t\t<div class=\"elementor-spacer\">\n\t\t\t<div class=\"elementor-spacer-inner\"><\/div>\n\t\t<\/div>\n\t\t\t\t\t\t<\/div>\n\t\t\t\t<\/div>\n\t\t\t\t\t<\/div>\n\t\t<\/div>\n\t\t\t\t\t<\/div>\n\t\t<\/section>\n\t\t\t\t<section class=\"elementor-section elementor-top-section elementor-element elementor-element-4de060f4 elementor-section-boxed elementor-section-height-default elementor-section-height-default sc_fly_static\" data-id=\"4de060f4\" data-element_type=\"section\" data-settings=\"{&quot;background_background&quot;:&quot;classic&quot;}\">\n\t\t\t\t\t\t<div class=\"elementor-container elementor-column-gap-extended\">\n\t\t\t\t\t<div class=\"elementor-column elementor-col-100 elementor-top-column elementor-element elementor-element-5cfeb41d sc_content_align_inherit sc_layouts_column_icons_position_left sc_fly_static\" data-id=\"5cfeb41d\" data-element_type=\"column\">\n\t\t\t<div class=\"elementor-widget-wrap elementor-element-populated\">\n\t\t\t\t\t\t<div class=\"elementor-element elementor-element-5d29ff53 sc_fly_static elementor-widget elementor-widget-text-editor\" data-id=\"5d29ff53\" data-element_type=\"widget\" data-widget_type=\"text-editor.default\">\n\t\t\t\t<div class=\"elementor-widget-container\">\n\t\t\t\t\t\t\t\t\t<h5>8. Datensicherheit<\/h5>\nDer Betreiber setzt geeignete technische und organisatorische Ma\u00dfnahmen ein, um die Daten gegen unbefugten Zugriff, Verlust, Zerst\u00f6rung oder unbefugte Offenlegung zu sch\u00fctzen. \t\t\t\t\t\t\t\t<\/div>\n\t\t\t\t<\/div>\n\t\t\t\t\t<\/div>\n\t\t<\/div>\n\t\t\t\t\t<\/div>\n\t\t<\/section>\n\t\t\t\t<section class=\"elementor-section elementor-top-section elementor-element elementor-element-641d6027 elementor-section-boxed elementor-section-height-default elementor-section-height-default sc_fly_static\" data-id=\"641d6027\" data-element_type=\"section\">\n\t\t\t\t\t\t<div class=\"elementor-container elementor-column-gap-extended\">\n\t\t\t\t\t<div class=\"elementor-column elementor-col-100 elementor-top-column elementor-element elementor-element-1caabcc9 sc_content_align_inherit sc_layouts_column_icons_position_left sc_fly_static\" data-id=\"1caabcc9\" data-element_type=\"column\">\n\t\t\t<div class=\"elementor-widget-wrap elementor-element-populated\">\n\t\t\t\t\t\t<div class=\"elementor-element elementor-element-d902955 sc_fly_static elementor-widget elementor-widget-spacer\" data-id=\"d902955\" data-element_type=\"widget\" data-widget_type=\"spacer.default\">\n\t\t\t\t<div class=\"elementor-widget-container\">\n\t\t\t\t\t\t\t<div class=\"elementor-spacer\">\n\t\t\t<div class=\"elementor-spacer-inner\"><\/div>\n\t\t<\/div>\n\t\t\t\t\t\t<\/div>\n\t\t\t\t<\/div>\n\t\t\t\t\t<\/div>\n\t\t<\/div>\n\t\t\t\t\t<\/div>\n\t\t<\/section>\n\t\t\t\t<section class=\"elementor-section elementor-top-section elementor-element elementor-element-24d2f656 elementor-section-boxed elementor-section-height-default elementor-section-height-default sc_fly_static\" data-id=\"24d2f656\" data-element_type=\"section\" data-settings=\"{&quot;background_background&quot;:&quot;classic&quot;}\">\n\t\t\t\t\t\t<div class=\"elementor-container elementor-column-gap-extended\">\n\t\t\t\t\t<div class=\"elementor-column elementor-col-100 elementor-top-column elementor-element elementor-element-4fbb4a81 sc_content_align_inherit sc_layouts_column_icons_position_left sc_fly_static\" data-id=\"4fbb4a81\" data-element_type=\"column\">\n\t\t\t<div class=\"elementor-widget-wrap elementor-element-populated\">\n\t\t\t\t\t\t<div class=\"elementor-element elementor-element-ef46f2d sc_fly_static elementor-widget elementor-widget-text-editor\" data-id=\"ef46f2d\" data-element_type=\"widget\" data-widget_type=\"text-editor.default\">\n\t\t\t\t<div class=\"elementor-widget-container\">\n\t\t\t\t\t\t\t\t\t<h5>9. Kontakt<\/h5>\nF\u00fcr Informationen oder Anfragen zu diesen Allgemeinen Gesch\u00e4ftsbedingungen k\u00f6nnen Sie uns kontaktieren:\n\n<b>E-Mail:<\/b> office@cipsor.ro\n<b>Telefon:<\/b> +40 757 042 561\n<b>Adresse:<\/b> Str. Unirii Nr. 69 Gala\u021bi, Rum\u00e4nien\t\t\t\t\t\t\t\t<\/div>\n\t\t\t\t<\/div>\n\t\t\t\t\t<\/div>\n\t\t<\/div>\n\t\t\t\t\t<\/div>\n\t\t<\/section>\n\t\t\t\t<\/div>\n\t\t","protected":false},"excerpt":{"rendered":"<p>1. Allgemeine Informationen Diese Datenschutzerkl\u00e4rung beschreibt, wie CIPSOR CONSTRUCT SRL mit Sitz in Gala\u021bi, Str. Unirii Nr. 69, eingetragen im Handelsregister unter der Nr. ROONRC.J2004000629175, mit der Steuernummer 16382438 (\u201eder&hellip;<\/p>\n","protected":false},"author":1,"featured_media":0,"parent":0,"menu_order":0,"comment_status":"closed","ping_status":"closed","template":"","meta":{"footnotes":""},"class_list":["post-38458","page","type-page","status-publish","hentry"],"_links":{"self":[{"href":"https:\/\/cipsor.wdt.design\/de\/wp-json\/wp\/v2\/pages\/38458","targetHints":{"allow":["GET"]}}],"collection":[{"href":"https:\/\/cipsor.wdt.design\/de\/wp-json\/wp\/v2\/pages"}],"about":[{"href":"https:\/\/cipsor.wdt.design\/de\/wp-json\/wp\/v2\/types\/page"}],"author":[{"embeddable":true,"href":"https:\/\/cipsor.wdt.design\/de\/wp-json\/wp\/v2\/users\/1"}],"replies":[{"embeddable":true,"href":"https:\/\/cipsor.wdt.design\/de\/wp-json\/wp\/v2\/comments?post=38458"}],"version-history":[{"count":0,"href":"https:\/\/cipsor.wdt.design\/de\/wp-json\/wp\/v2\/pages\/38458\/revisions"}],"wp:attachment":[{"href":"https:\/\/cipsor.wdt.design\/de\/wp-json\/wp\/v2\/media?parent=38458"}],"curies":[{"name":"wp","href":"https:\/\/api.w.org\/{rel}","templated":true}]}}